{"id":1016,"date":"2022-03-05T21:52:06","date_gmt":"2022-03-05T21:52:06","guid":{"rendered":"https:\/\/edinburghtranslationservices.com\/copyright\/"},"modified":"2022-11-08T13:07:38","modified_gmt":"2022-11-08T13:07:38","slug":"copyright","status":"publish","type":"page","link":"https:\/\/edinburghtranslationservices.com\/fr\/copyright\/","title":{"rendered":"Copyright"},"content":{"rendered":"<div class=\"wpb-content-wrapper\"><p>[vc_row full_width=\u00a0\u00bbstretch_row\u00a0\u00bb equal_height=\u00a0\u00bbyes\u00a0\u00bb content_placement=\u00a0\u00bbtop\u00a0\u00bb bg_type=\u00a0\u00bbbg_color\u00a0\u00bb bg_override=\u00a0\u00bbfull\u00a0\u00bb css=\u00a0\u00bb.vc_custom_1646517626601{margin-top: 0px !important;margin-bottom: 0px !important;border-top-width: 0px !important;border-bottom-width: 0px !important;padding-top: 50px !important;padding-bottom: 130px !important;background-position: 0 0 !important;background-repeat: repeat !important;}\u00a0\u00bb bg_color_value=\u00a0\u00bb#ffffff\u00a0\u00bb][vc_column width=\u00a0\u00bb1\/4&Prime;]<div class=\"aio-icon-component    style_1\"><a class=\"aio-icon-box-link\" href=\"https:\/\/edinburghtranslationservices.com\/privacy-policy\/\" title=\"Privacy Policy\" ><div id=\"Info-box-wrap-8649\" class=\"aio-icon-box default-icon\" style=\"\"  ><div class=\"aio-icon-header\" ><h3 class=\"aio-icon-title ult-responsive\"  data-ultimate-target='#Info-box-wrap-8649 .aio-icon-title'  data-responsive-json-new='{\"font-size\":\"desktop:20px;\",\"line-height\":\"\"}'  style=\"font-family:&#039;Poppins&#039;;font-weight:600;color:#000000;\">Politique de Confidentialit\u00e9<\/h3><\/div> <!-- header --><\/div> <!-- aio-icon-box --><\/a><\/div> <!-- aio-icon-component --><div class=\"aio-icon-component    style_1\"><a class=\"aio-icon-box-link\" href=\"https:\/\/edinburghtranslationservices.com\/terms-of-use\/\" title=\"Terms Of Use\" ><div id=\"Info-box-wrap-2587\" class=\"aio-icon-box default-icon\" style=\"\"  ><div class=\"aio-icon-header\" ><h3 class=\"aio-icon-title ult-responsive\"  data-ultimate-target='#Info-box-wrap-2587 .aio-icon-title'  data-responsive-json-new='{\"font-size\":\"desktop:20px;\",\"line-height\":\"\"}'  style=\"font-family:&#039;Poppins&#039;;font-weight:600;color:#000000;\">Conditions d'utilisation<\/h3><\/div> <!-- header --><\/div> <!-- aio-icon-box --><\/a><\/div> <!-- aio-icon-component --><div class=\"aio-icon-component    style_1\"><a class=\"aio-icon-box-link\" href=\"https:\/\/edinburghtranslationservices.com\/copyright\/\" title=\"Copyright\" ><div id=\"Info-box-wrap-7049\" class=\"aio-icon-box default-icon\" style=\"\"  ><div class=\"aio-icon-header\" ><h3 class=\"aio-icon-title ult-responsive\"  data-ultimate-target='#Info-box-wrap-7049 .aio-icon-title'  data-responsive-json-new='{\"font-size\":\"desktop:20px;\",\"line-height\":\"\"}'  style=\"font-family:&#039;Poppins&#039;;font-weight:600;color:#000000;\">Copyright<\/h3><\/div> <!-- header --><\/div> <!-- aio-icon-box --><\/a><\/div> <!-- aio-icon-component --><div class=\"aio-icon-component    style_1\"><a class=\"aio-icon-box-link\" href=\"https:\/\/edinburghtranslationservices.com\/secure\/\" title=\"Secure\" ><div id=\"Info-box-wrap-3449\" class=\"aio-icon-box default-icon\" style=\"\"  ><div class=\"aio-icon-header\" ><h3 class=\"aio-icon-title ult-responsive\"  data-ultimate-target='#Info-box-wrap-3449 .aio-icon-title'  data-responsive-json-new='{\"font-size\":\"desktop:20px;\",\"line-height\":\"\"}'  style=\"font-family:&#039;Poppins&#039;;font-weight:600;color:#000000;\">Secure<\/h3><\/div> <!-- header --><\/div> <!-- aio-icon-box --><\/a><\/div> <!-- aio-icon-component -->[\/vc_column][vc_column width=\u00a0\u00bb3\/4&Prime;]<div id=\"ultimate-heading-532169e3a93b19add\" class=\"uvc-heading ult-adjust-bottom-margin ultimate-heading-532169e3a93b19add uvc-2955 \" data-hspacer=\"line_only\"  data-halign=\"left\" style=\"text-align:left\"><div class=\"uvc-heading-spacer line_only\" style=\"margin-bottom:10px;height:3px;\"><span class=\"uvc-headings-line\" style=\"border-style:solid;border-bottom-width:3px;border-color:#1e73be;width:autopx;\"><\/span><\/div><div class=\"uvc-main-heading ult-responsive\"  data-ultimate-target='.uvc-heading.ultimate-heading-532169e3a93b19add h2'  data-responsive-json-new='{\"font-size\":\"desktop:30px;\",\"line-height\":\"\"}' ><h2 style=\"font-family:&#039;Poppins&#039;;font-weight:600;color:#000000;margin-bottom:10px;\">Copyright<\/h2><\/div><div class=\"uvc-sub-heading ult-responsive\"  data-ultimate-target='.uvc-heading.ultimate-heading-532169e3a93b19add .uvc-sub-heading '  data-responsive-json-new='{\"font-size\":\"desktop:18px;\",\"line-height\":\"\"}'  style=\"font-family:&#039;Poppins&#039;;font-weight:500;color:#000000;margin-top:20px;\">All contents of the *translation-services.uk, *edinburghtranslations.co.uk, *edinburghtranslationservices.com, except as otherwise provided and those clearly show that their owners are third parties (intellectual property rights of third parties), which \u2013 as a guide \u2013 includes text, graphics, images, photos, drawings, Video, sounds etc. (The content) copyright *translation-services.uk, *edinburghtranslations.co.uk, *edinburghtranslationservices.com are the intellectual property of Edinburgh Translation Services ltd &amp; pc lab ltd and are protected by national and international copyright law.<\/p>\n<p>The *translation-services.uk, *edinburghtranslations.co.uk, *edinburghtranslationservices.com reserves all rights regarding the content and copies made thereunder.<\/p>\n<p>Website content is available to visitors\/users for personal use. The content is subject to change without notice at the discretion of *translation-services.uk, *edinburghtranslations.co.uk, *edinburghtranslationservices.com. After accepting the terms of use, it allows non-commercial use and reproduction of the whole or part, provided that the reproduced product is freely available via the Internet or other appropriate means and accompanied by a clear and distinct reference to the source of origin of. Any other use requires the express written permission of the owner or the copyright owner.<\/p>\n<p>freely permitted to print and electronic reproduction of the documents which are listed as examples in their field site, but only for personal use. strictly forbidden in any form their republication in other electronic or printed media. In any case, not the use of the statements in these under the full responsibility of the visitor\/user and do not accept responsibility as *translation-services.uk, *edinburghtranslations.co.uk, *edinburghtranslationservices.com or the creator of the application, which allowed the suspension of this website.<\/p>\n<p>The texts (articles, legal studies, applications) that are hung on this website are personal labors and assets of their creators, who gave the site a limited privilege. The texts reflect in any case personal views and are in accordance with the law \u201cproducts of the mind\u201d protected by the laws on intellectual property provisions, in particular, the law no. 2121\/1993 and relevant Internet ethics.<\/p>\n<p>All other products or services mentioned in the pages of this site and bear the trademarks of their respective organizations, companies, collaborators, operators, associations or editions constitute their own intellectual and industrial property and therefore the bodies bear the responsibility.<\/p>\n<p>For any questions about the rights of reproduction of any part of the contents of this website, and playing content authorization requests, please contact the *translation-services.uk, *edinburghtranslations.co.uk, *edinburghtranslationservices.com from the relevant section on the website.<\/div><\/div>[\/vc_column][\/vc_row][vc_row content_placement=\u00a0\u00bbmiddle\u00a0\u00bb bg_type=\u00a0\u00bbbg_color\u00a0\u00bb bg_color_value=\u00a0\u00bb#00cbad\u00a0\u00bb][vc_column width=\u00a0\u00bb2\/3&Prime; css=\u00a0\u00bb.vc_custom_1646519517530{padding-right: 50px !important;padding-left: 90px !important;}\u00a0\u00bb]<div id=\"ultimate-heading-617269e3a93b19b30\" class=\"uvc-heading ult-adjust-bottom-margin ultimate-heading-617269e3a93b19b30 uvc-1521 \" data-hspacer=\"no_spacer\"  data-halign=\"left\" style=\"text-align:left\"><div class=\"uvc-heading-spacer no_spacer\" style=\"top\"><\/div><div class=\"uvc-main-heading ult-responsive\"  data-ultimate-target='.uvc-heading.ultimate-heading-617269e3a93b19b30 h2'  data-responsive-json-new='{\"font-size\":\"desktop:40px;\",\"line-height\":\"\"}' ><h2 style=\"font-family:&#039;Poppins&#039;;font-weight:300;color:#ffffff;margin-bottom:20px;\">Obtenir une offre<\/h2><\/div><div class=\"uvc-sub-heading ult-responsive\"  data-ultimate-target='.uvc-heading.ultimate-heading-617269e3a93b19b30 .uvc-sub-heading '  data-responsive-json-new='{\"font-size\":\"desktop:18px;\",\"line-height\":\"\"}'  style=\"font-family:&#039;Poppins&#039;;font-weight:500;color:#000000;margin-top:20px;\">Un moyen simple d&rsquo;obtenir rapidement la traduction de vos documents.<br \/>\nFaites votre demande en ligne en quelques clics \u00e0 partir de seulement 0,08 \u00a3 par mot.<\/div><\/div>[\/vc_column][vc_column width=\u00a0\u00bb1\/3&Prime; css=\u00a0\u00bb.vc_custom_1645697345076{padding-right: 90px !important;}\u00a0\u00bb][vc_btn title=\u00a0\u00bbDemander une offre\u00a0\u00bb style=\u00a0\u00bbclassic\u00a0\u00bb shape=\u00a0\u00bbsquare\u00a0\u00bb color=\u00a0\u00bbblack\u00a0\u00bb size=\u00a0\u00bblg\u00a0\u00bb align=\u00a0\u00bbright\u00a0\u00bb css_animation=\u00a0\u00bbnone\u00a0\u00bb link=\u00a0\u00bburl:https%3A%2F%2Fedinburghtranslationservices.com%2Fquote%2F|title:Citation|\u00a0\u00bb][\/vc_column][\/vc_row][vc_row full_width=\u00a0\u00bbstretch_row\u00a0\u00bb content_placement=\u00a0\u00bbmiddle\u00a0\u00bb bg_type=\u00a0\u00bbbg_color\u00a0\u00bb bg_override=\u00a0\u00bbfull\u00a0\u00bb css=\u00a0\u00bb.vc_custom_1645632045558{padding-top: 90px !important;padding-bottom: 90px !important;}\u00a0\u00bb bg_color_value=\u00a0\u00bb#ffffff\u00a0\u00bb][vc_column width=\u00a0\u00bb1\/3&Prime;]<div id=\"ultimate-heading-30069e3a93b19b68\" class=\"uvc-heading ult-adjust-bottom-margin ultimate-heading-30069e3a93b19b68 uvc-172 \" data-hspacer=\"no_spacer\"  data-halign=\"left\" style=\"text-align:left\"><div class=\"uvc-heading-spacer no_spacer\" style=\"top\"><\/div><div class=\"uvc-main-heading ult-responsive\"  data-ultimate-target='.uvc-heading.ultimate-heading-30069e3a93b19b68 h2'  data-responsive-json-new='{\"font-size\":\"desktop:40px;\",\"line-height\":\"\"}' ><h2 style=\"font-family:&#039;Poppins&#039;;font-weight:700;color:#262626;margin-bottom:20px;\">Vous avez d'autres questions ? N'h\u00e9sitez pas \u00e0 nous contacter.<\/h2><\/div><div class=\"uvc-sub-heading ult-responsive\"  data-ultimate-target='.uvc-heading.ultimate-heading-30069e3a93b19b68 .uvc-sub-heading '  data-responsive-json-new='{\"font-size\":\"desktop:18px;\",\"line-height\":\"\"}'  style=\"font-family:&#039;Poppins&#039;;font-weight:500;color:#262626;margin-top:20px;\">Notre \u00e9quipe est pr\u00eate \u00e0 trouver une solution \u00e0 vos besoins de traduction.<\/div><\/div>[vc_btn title=\u00a0\u00bbNous contacter\u00a0\u00bb style=\u00a0\u00bboutline\u00a0\u00bb shape=\u00a0\u00bbsquare\u00a0\u00bb color=\u00a0\u00bbblack\u00a0\u00bb size=\u00a0\u00bblg\u00a0\u00bb align=\u00a0\u00bbleft\u00a0\u00bb css_animation=\u00a0\u00bbnone\u00a0\u00bb link=\u00a0\u00bburl:https%3A%2F%2Fedinburghtranslationservices.com%2Fcontact-us%2F|title:Nous%20contacter|\u00a0\u00bb][\/vc_column][vc_column width=\u00a0\u00bb1\/3&Prime;][\/vc_column][vc_column width=\u00a0\u00bb1\/3&Prime;]<div class=\"aio-icon-component    style_2\"><div id=\"Info-box-wrap-4894\" class=\"aio-icon-box top-icon\" style=\"\"  ><div class=\"aio-icon-top\"><div class=\"ult-just-icon-wrapper  \"><div class=\"align-icon\" style=\"text-align:center;\">\n<div class=\"aio-icon-img \" style=\"font-size:125px;display:inline-block;\" >\n\t<img decoding=\"async\" class=\"img-icon\" alt=\"null\" src=\"https:\/\/edinburghtranslationservices.com\/wp-content\/uploads\/2022\/03\/Image36-200px.png\" title=\"\">\n<\/div><\/div><\/div><\/div><div class=\"aio-icon-header\" ><h3 class=\"aio-icon-title ult-responsive\"  data-ultimate-target='#Info-box-wrap-4894 .aio-icon-title'  data-responsive-json-new='{\"font-size\":\"desktop:40px;\",\"line-height\":\"\"}'  style=\"font-family:&#039;Poppins&#039;;font-weight:700;color:#262626;\">Bonjour, je suis Noemi. Comment puis-je vous aider ?<\/h3><\/div> <!-- header --><div class=\"aio-icon-description ult-responsive\"  data-ultimate-target='#Info-box-wrap-4894 .aio-icon-description'  data-responsive-json-new='{\"font-size\":\"desktop:16px;\",\"line-height\":\"\"}'  style=\"font-family:&#039;Open Sans&#039;;font-weight:600;color:#7c7c7c;\">Project Manager<\/div> <!-- description --><\/div> <!-- aio-icon-box --><\/div> <!-- aio-icon-component -->[\/vc_column][\/vc_row]<\/p>\n<\/div>","protected":false},"excerpt":{"rendered":"<p>[vc_row full_width=\u00a0\u00bbstretch_row\u00a0\u00bb equal_height=\u00a0\u00bbyes\u00a0\u00bb content_placement=\u00a0\u00bbtop\u00a0\u00bb bg_type=\u00a0\u00bbbg_color\u00a0\u00bb bg_override=\u00a0\u00bbfull\u00a0\u00bb css=\u00a0\u00bb.vc_custom_1646517626601{margin-top: 0px !important;margin-bottom: 0px !important;border-top-width: 0px !important;border-bottom-width: 0px !important;padding-top: 50px !important;padding-bottom: 130px !important;background-position: 0 0 !important;background-repeat: repeat !important;}\u00a0\u00bb bg_color_value=\u00a0\u00bb#ffffff\u00a0\u00bb][vc_column width=\u00a0\u00bb1\/4&Prime;][\/vc_column][vc_column<span class=\"excerpt-hellip\"> [\u2026]<\/span><\/p>\n","protected":false},"author":1,"featured_media":946,"parent":0,"menu_order":8,"comment_status":"closed","ping_status":"closed","template":"","meta":{"footnotes":""},"class_list":["post-1016","page","type-page","status-publish","has-post-thumbnail","hentry"],"_links":{"self":[{"href":"https:\/\/edinburghtranslationservices.com\/fr\/wp-json\/wp\/v2\/pages\/1016","targetHints":{"allow":["GET"]}}],"collection":[{"href":"https:\/\/edinburghtranslationservices.com\/fr\/wp-json\/wp\/v2\/pages"}],"about":[{"href":"https:\/\/edinburghtranslationservices.com\/fr\/wp-json\/wp\/v2\/types\/page"}],"author":[{"embeddable":true,"href":"https:\/\/edinburghtranslationservices.com\/fr\/wp-json\/wp\/v2\/users\/1"}],"replies":[{"embeddable":true,"href":"https:\/\/edinburghtranslationservices.com\/fr\/wp-json\/wp\/v2\/comments?post=1016"}],"version-history":[{"count":2,"href":"https:\/\/edinburghtranslationservices.com\/fr\/wp-json\/wp\/v2\/pages\/1016\/revisions"}],"predecessor-version":[{"id":1018,"href":"https:\/\/edinburghtranslationservices.com\/fr\/wp-json\/wp\/v2\/pages\/1016\/revisions\/1018"}],"wp:featuredmedia":[{"embeddable":true,"href":"https:\/\/edinburghtranslationservices.com\/fr\/wp-json\/wp\/v2\/media\/946"}],"wp:attachment":[{"href":"https:\/\/edinburghtranslationservices.com\/fr\/wp-json\/wp\/v2\/media?parent=1016"}],"curies":[{"name":"wp","href":"https:\/\/api.w.org\/{rel}","templated":true}]}}