{"id":993,"date":"2022-03-05T21:31:46","date_gmt":"2022-03-05T21:31:46","guid":{"rendered":"https:\/\/edinburghtranslationservices.com\/politique-de-confidentialite\/"},"modified":"2022-11-08T13:02:31","modified_gmt":"2022-11-08T13:02:31","slug":"politique-de-confidentialite","status":"publish","type":"page","link":"https:\/\/edinburghtranslationservices.com\/fr\/politique-de-confidentialite\/","title":{"rendered":"Politique de Confidentialit\u00e9"},"content":{"rendered":"<div class=\"wpb-content-wrapper\"><p>[vc_row full_width=\u00a0\u00bbstretch_row\u00a0\u00bb equal_height=\u00a0\u00bbyes\u00a0\u00bb content_placement=\u00a0\u00bbtop\u00a0\u00bb bg_type=\u00a0\u00bbbg_color\u00a0\u00bb bg_override=\u00a0\u00bbfull\u00a0\u00bb css=\u00a0\u00bb.vc_custom_1646516593123{margin-top: 0px !important;margin-bottom: 0px !important;border-top-width: 0px !important;border-bottom-width: 0px !important;padding-top: 50px !important;padding-bottom: 130px !important;background-position: 0 0 !important;background-repeat: repeat !important;}\u00a0\u00bb bg_color_value=\u00a0\u00bb#ffffff\u00a0\u00bb][vc_column width=\u00a0\u00bb1\/4&Prime;]<div class=\"aio-icon-component    style_1\"><a class=\"aio-icon-box-link\" href=\"https:\/\/edinburghtranslationservices.com\/privacy-policy\/\" title=\"Privacy Policy\" ><div id=\"Info-box-wrap-6907\" class=\"aio-icon-box default-icon\" style=\"\"  ><div class=\"aio-icon-header\" ><h3 class=\"aio-icon-title ult-responsive\"  data-ultimate-target='#Info-box-wrap-6907 .aio-icon-title'  data-responsive-json-new='{\"font-size\":\"desktop:20px;\",\"line-height\":\"\"}'  style=\"font-family:&#039;Poppins&#039;;font-weight:600;color:#000000;\">Politique de Confidentialit\u00e9<\/h3><\/div> <!-- header --><\/div> <!-- aio-icon-box --><\/a><\/div> <!-- aio-icon-component --><div class=\"aio-icon-component    style_1\"><a class=\"aio-icon-box-link\" href=\"https:\/\/edinburghtranslationservices.com\/terms-of-use\/\" title=\"Terms Of Use\" ><div id=\"Info-box-wrap-3423\" class=\"aio-icon-box default-icon\" style=\"\"  ><div class=\"aio-icon-header\" ><h3 class=\"aio-icon-title ult-responsive\"  data-ultimate-target='#Info-box-wrap-3423 .aio-icon-title'  data-responsive-json-new='{\"font-size\":\"desktop:20px;\",\"line-height\":\"\"}'  style=\"font-family:&#039;Poppins&#039;;font-weight:600;color:#000000;\">Conditions d'utilisation<\/h3><\/div> <!-- header --><\/div> <!-- aio-icon-box --><\/a><\/div> <!-- aio-icon-component --><div class=\"aio-icon-component    style_1\"><a class=\"aio-icon-box-link\" href=\"https:\/\/edinburghtranslationservices.com\/copyright\/\" title=\"Copyright\" ><div id=\"Info-box-wrap-4854\" class=\"aio-icon-box default-icon\" style=\"\"  ><div class=\"aio-icon-header\" ><h3 class=\"aio-icon-title ult-responsive\"  data-ultimate-target='#Info-box-wrap-4854 .aio-icon-title'  data-responsive-json-new='{\"font-size\":\"desktop:20px;\",\"line-height\":\"\"}'  style=\"font-family:&#039;Poppins&#039;;font-weight:600;color:#000000;\">Copyright<\/h3><\/div> <!-- header --><\/div> <!-- aio-icon-box --><\/a><\/div> <!-- aio-icon-component --><div class=\"aio-icon-component    style_1\"><a class=\"aio-icon-box-link\" href=\"https:\/\/edinburghtranslationservices.com\/secure\/\" title=\"Secure\" ><div id=\"Info-box-wrap-4369\" class=\"aio-icon-box default-icon\" style=\"\"  ><div class=\"aio-icon-header\" ><h3 class=\"aio-icon-title ult-responsive\"  data-ultimate-target='#Info-box-wrap-4369 .aio-icon-title'  data-responsive-json-new='{\"font-size\":\"desktop:20px;\",\"line-height\":\"\"}'  style=\"font-family:&#039;Poppins&#039;;font-weight:600;color:#000000;\">Secure<\/h3><\/div> <!-- header --><\/div> <!-- aio-icon-box --><\/a><\/div> <!-- aio-icon-component -->[\/vc_column][vc_column width=\u00a0\u00bb3\/4&Prime;]<div id=\"ultimate-heading-923669e39117b1e66\" class=\"uvc-heading ult-adjust-bottom-margin ultimate-heading-923669e39117b1e66 uvc-9270 \" data-hspacer=\"line_only\"  data-halign=\"left\" style=\"text-align:left\"><div class=\"uvc-heading-spacer line_only\" style=\"margin-bottom:10px;height:3px;\"><span class=\"uvc-headings-line\" style=\"border-style:solid;border-bottom-width:3px;border-color:#000000;width:autopx;\"><\/span><\/div><div class=\"uvc-main-heading ult-responsive\"  data-ultimate-target='.uvc-heading.ultimate-heading-923669e39117b1e66 h2'  data-responsive-json-new='{\"font-size\":\"desktop:30px;\",\"line-height\":\"\"}' ><h2 style=\"font-family:&#039;Poppins&#039;;font-weight:600;color:#000000;margin-bottom:10px;\">Politique de Confidentialit\u00e9<\/h2><\/div><div class=\"uvc-sub-heading ult-responsive\"  data-ultimate-target='.uvc-heading.ultimate-heading-923669e39117b1e66 .uvc-sub-heading '  data-responsive-json-new='{\"font-size\":\"desktop:18px;\",\"line-height\":\"\"}'  style=\"font-family:&#039;Poppins&#039;;font-weight:500;color:#000000;margin-top:20px;\">Our Privacy Policy was posted on 05 March 2022. It governs the privacy terms of our website, located at *translation-services.uk, *edinburghtranslations.co.uk, *edinburghtranslationservices.com, and the tools we provide you (the \u201cWebsite\u201d or the \u201cService\u201d). Any capitalized terms not defined in our Privacy Policy, have the meaning as specified in our Terms of Use accessible at <a href=\"https:\/\/edinburghtranslationservices.com\/fr\/conditions-dutilisation\/\">https:\/\/edinburghtranslationservices.com\/terms-of-use\/<\/a><\/p>\n<h3>Your Privacy<\/h3>\n<p>Our Website follows all legal requirements to protect your privacy. Our Privacy Policy is a legal statement that explains how we may collect information from you, how we may share your information, and how you can limit our sharing of your information. You will see terms in our Privacy Policy that are capitalized. These terms have meanings as described in the Definitions section below.<\/p>\n<h3>Definitions<\/h3>\n<ul>\n<li><strong>Personal Data:<\/strong>\u00a0Personal Data means data about a living individual who can be identified from those data (or from those and other information either in our possession or likely to come into our possession).<\/li>\n<li><strong>Usage Data:<\/strong>\u00a0Usage Data is data collected automatically either generated by the use of the Service or from the Service infrastructure itself (for example, the duration of a page visit).<\/li>\n<li><strong>Cookies:<\/strong>\u00a0Cookies are small pieces of data stored on a User\u2019s device.<\/li>\n<li><strong>Data Controller:<\/strong>\u00a0Data Controller means a natural or legal person who (either alone or jointly or in common with other persons) determines the purposes for which and the manner in which any personal data are, or are to be, processed. For the purpose of this Privacy Policy, we are a Data Controller of your data.<\/li>\n<li><strong>Data Processors (or Service Providers):<\/strong>\u00a0Data Processor (or Service Provider) means any natural or legal person who processes the data on behalf of the Data Controller. We may use the services of various Service Providers in order to process your data more effectively.<\/li>\n<li><strong>Data Subject:<\/strong>\u00a0Data Subject is any living individual who is the subject of Personal Data.<\/li>\n<li><strong>User:<\/strong>\u00a0The User is the individual using our Service. The User corresponds to the Data Subject, who is the subject of Personal Data.<\/li>\n<\/ul>\n<h3>Information Collection And Use<\/h3>\n<p>We collect several different types of information for various purposes to provide and improve our Service to you.<\/p>\n<h3>Types of Data Collected<\/h3>\n<ul>\n<li><strong>Personal Data <\/strong>While using our Service, we may ask you to provide us with certain personally identifiable information that can be used to contact or identify you (\u201cPersonal Data\u201d). Personally, identifiable information may include but is not limited to: Email address, Name, Address, State, Province, ZIP\/Postal code, City, Cookies, and Usage Data. We may use your Personal Data to contact you with newsletters, marketing or promotional materials and other information that may be of interest to you. You may opt out of receiving any, or all, of these communications from us by following the unsubscribe link or instructions provided in any email we send.<\/li>\n<li><strong>Usage Data <\/strong>We may also collect information on how the Service is accessed and used (\u201cUsage Data\u201d). This Usage Data may include information such as your computer\u2019s Internet Protocol address (e.g. IP address), browser type, browser version, the pages of our Service that you visit, the time and date of your visit, the time spent on those pages, unique device identifiers and other diagnostic data.<\/li>\n<li><strong>Tracking &amp; Cookies Data <\/strong>We use cookies and similar tracking technologies to track the activity on our Service and hold certain information. Cookies are files with small amount of data which may include an anonymous unique identifier. Cookies are sent to your browser from a website and stored on your device. Tracking technologies also used are beacons, tags, and scripts to collect and track information and to improve and analyze our Service. You can instruct your browser to refuse all cookies or to indicate when a cookie is being sent. However, if you do not accept cookies, you may not be able to use some portions of our Service. Examples of Cookies we use:\u00a0<strong>session cookies<\/strong>\u00a0(we use these cookies to operate our Service) and\u00a0<strong>preference cookies<\/strong>\u00a0(we use these cookies to remember your preferences and various settings).<\/li>\n<\/ul>\n<h3>Use of Data<\/h3>\n<p>We use the collected data for various purposes:<\/p>\n<ul>\n<li>To provide and maintain our Service<\/li>\n<li>To notify you about changes to our Service<\/li>\n<li>To allow you to participate in interactive features of our Service when you choose to do so<\/li>\n<li>To provide customer support<\/li>\n<li>To gather analysis or valuable information so that we can improve our Service<\/li>\n<li>To monitor the usage of our Service<\/li>\n<li>To detect, prevent and address technical issues<\/li>\n<li>To provide you with news, special offers and general information about other goods, services and events which we offer that are similar to those that you have already purchased or enquired about unless you have opted not to receive such information<\/li>\n<\/ul>\n<h3>Retention of Data<\/h3>\n<p>We will retain your Personal Data only for as long as is necessary for the purposes set out in this Privacy Policy. We will retain and use your Personal Data to the extent necessary to comply with our legal obligations (for example, if we are required to retain your data to comply with applicable laws), resolve disputes, and enforce our legal agreements and policies.<\/p>\n<p>We will also retain Usage Data for internal analysis purposes. Usage Data is generally retained for a shorter period of time, except when this data is used to strengthen the security or to improve the functionality of our Service, or we are legally obligated to retain this data for longer time periods.<\/p>\n<h3>Transfer Of Data<\/h3>\n<p>Your information, including Personal Data, may be transferred to \u2014 and maintained on \u2014 computers located outside of your state, province, country or other governmental jurisdiction where the data protection laws may differ than those from your jurisdiction.<\/p>\n<p>We will take all steps reasonably necessary to ensure that your data is treated securely and in accordance with this Privacy Policy and no transfer of your Personal Data will take place to an organization or a country unless there are adequate controls in place including the security of your data and other personal information.<\/p>\n<p>Your consent to this Privacy Policy followed by your submission of such information represents your agreement to that transfer.<\/p>\n<h3>Disclosure Of Data<\/h3>\n<ul>\n<li><strong>Business Transaction.<\/strong>\u00a0If we are involved in a merger, acquisition or asset sale, your Personal Data may be transferred. We will provide notice before your Personal Data is transferred and becomes subject to a different Privacy Policy.<\/li>\n<li><strong>Disclosure for Law Enforcement.<\/strong>\u00a0Under certain circumstances, we may be required to disclose your Personal Data if required to do so by law or in response to valid requests by public authorities (e.g. a court or a government agency).<\/li>\n<\/ul>\n<h3>Security Of Data<\/h3>\n<p>The security of your data is important to us, but remember that no method of transmission over the Internet, or method of electronic storage is 100% secure. While we strive to use commercially acceptable means to protect your Personal Data, we cannot guarantee its absolute security.<\/p>\n<h3>Legal Basis for Processing Personal Data Under General Data Protection Regulation (GDPR)<\/h3>\n<p>If you are from the European Economic Area (EEA), *translation-services.uk, *edinburghtranslations.co.uk, *edinburghtranslationservices.com legal basis for collecting and using the personal information described in this Privacy Policy depends on the Personal Data we collect and the specific context in which we collect it.<\/p>\n<p>*translation-services.uk, *edinburghtranslations.co.uk, *edinburghtranslationservices.com may process your Personal Data because:<\/p>\n<ul>\n<li>We need to perform a contract with you<\/li>\n<li>You have given us permission to do so<\/li>\n<li>The processing is in our legitimate interests and it\u2019s not overridden by your rights<\/li>\n<li>For payment processing purposes<\/li>\n<li>To comply with the law<\/li>\n<\/ul>\n<h3>Your Data Protection Rights Under General Data Protection Regulation (GDPR)<\/h3>\n<p>If you are a resident of the European Economic Area (EEA), you have certain data protection rights. *translation-services.uk, *edinburghtranslations.co.uk, *edinburghtranslationservices.com aims to take reasonable steps to allow you to correct, amend, delete, or limit the use of your Personal Data.<\/p>\n<p>If you wish to be informed what Personal Data we hold about you and if you want it to be removed from our systems, please contact us.<\/p>\n<p>In certain circumstances, you have the following data protection rights:<\/p>\n<ul>\n<li><strong>The right to access, update or to delete<\/strong>\u00a0the information we have on you.<\/li>\n<li><strong>The right of rectification.<\/strong>\u00a0You have the right to have your information rectified if that information is inaccurate or incomplete.<\/li>\n<li><strong>The right to object.<\/strong>\u00a0You have the right to object to our processing of your Personal Data.<\/li>\n<li><strong>The right of restriction.<\/strong>\u00a0You have the right to request that we restrict the processing of your personal information.<\/li>\n<li><strong>The right to data portability.<\/strong>\u00a0You have the right to be provided with a copy of your Personal Data in a structured, machine-readable and commonly used format.<\/li>\n<li><strong>The right to withdraw consent.<\/strong> You also have the right to withdraw your consent at any time where *translation-services.uk, *edinburghtranslations.co.uk, *edinburghtranslationservices.com relied on your consent to process your personal information.<\/li>\n<\/ul>\n<p>Please note that we may ask you to verify your identity before responding to such requests.<\/p>\n<p>You have the right to complain to a Data Protection Authority about our collection and use of your Personal Data. For more information, please contact your local data protection authority in the European Economic Area (EEA).<\/p>\n<h3>Service Providers<\/h3>\n<p>We may employ third party companies and individuals to facilitate our Service (\u201cService Providers\u201d), to provide the Service on our behalf, to perform Service-related services or to assist us in analyzing how our Service is used.<\/p>\n<p>These third parties have access to your Personal Data only to perform these tasks on our behalf and are obligated not to disclose or use it for any other purpose.<\/p>\n<h3>Analytics<\/h3>\n<p>We may use third-party Service Providers to monitor and analyze the use of our Service.<\/p>\n<ul>\n<li><strong>Google Analytics <\/strong>Google Analytics is a web analytics service offered by Google that tracks and reports website traffic. Google uses the data collected to track and monitor the use of our Service. This data is shared with other Google services. Google may use the collected data to contextualize and personalize the ads of its own advertising network. You can opt-out of having made your activity on the Service available to Google Analytics by installing the Google Analytics opt-out browser add-on. The add-on prevents the Google Analytics JavaScript (ga.js, analytics.js, and dc.js) from sharing information with Google Analytics about visits activity. For more information on the privacy practices of Google, please visit the Google Privacy &amp; Terms web page:\u00a0<a href=\"http:\/\/www.google.com\/intl\/en\/policies\/privacy\/\" target=\"_blank\" rel=\"noopener noreferrer\">http:\/\/www.google.com\/intl\/en\/policies\/privacy\/<\/a><\/li>\n<\/ul>\n<h3>Payments<\/h3>\n<p>We may provide paid products and\/or services within the Service. In that case, we use third-party services for payment processing (e.g. payment processors).<\/p>\n<p>We will not store or collect your payment card details. That information is provided directly to our third-party payment processors whose use of your personal information is governed by their Privacy Policy. These payment processors adhere to the standards set by PCI-DSS as managed by the PCI Security Standards Council, which is a joint effort of brands like Visa, Mastercard, American Express and Discover. PCI-DSS requirements help ensure the secure handling of payment information.<\/p>\n<p>The payment processors we work with are:<\/p>\n<ul>\n<li><strong>PayPal or Braintree.<\/strong>\u00a0Their Privacy Policy can be viewed at\u00a0<a href=\"https:\/\/www.paypal.com\/webapps\/mpp\/ua\/privacy-full\" target=\"_blank\" rel=\"noopener noreferrer\">https:\/\/www.paypal.com\/webapps\/mpp\/ua\/privacy-full<\/a><\/li>\n<li><strong>Stripe. <\/strong>Their Privacy Policy can be viewed at <a href=\"https:\/\/stripe.com\/en-gb\/privacy\" target=\"_blank\" rel=\"noopener noreferrer\">https:\/\/stripe.com\/en-gb\/privacy<\/a><\/li>\n<\/ul>\n<h3>Links To Other Sites<\/h3>\n<p>Our Service may contain links to other sites that are not operated by us. If you click on a third party link, you will be directed to that third party\u2019s site. We strongly advise you to review the Privacy Policy of every site you visit.<\/p>\n<p>We have no control over and assume no responsibility for the content, privacy policies or practices of any third party sites or services.<\/p>\n<h3>Children\u2019s Privacy<\/h3>\n<p>Our Service does not address anyone under the age of 18 (\u201cChildren\u201d).<\/p>\n<p>We do not knowingly collect personally identifiable information from anyone under the age of 18. If you are a parent or guardian and you are aware that your Children has provided us with Personal Data, please contact us. If we become aware that we have collected Personal Data from children without verification of parental consent, we take steps to remove that information from our servers.<\/p>\n<h3>Changes To This Privacy Policy<\/h3>\n<p>We may update our Privacy Policy from time to time. We will notify you of any changes by posting the new Privacy Policy on this page.<\/p>\n<p>We will let you know via email and\/or a prominent notice on our Service, prior to the change becoming effective and update the \u201ceffective date\u201d at the top of this Privacy Policy.<\/p>\n<p>You are advised to review this Privacy Policy periodically for any changes. Changes to this Privacy Policy are effective when they are posted on this page.<\/p>\n<h3>Revoke Cookies<\/h3>\n<p>[wt_cli_ccpa_optout]<\/p>\n<h3>Contact Us<\/h3>\n<p>If you have any questions about this Privacy Policy, please contact us by using the contact information\u00a0<a title=\"https:\/\/roofingservices-edinburgh.co.uk\/contact\/\" href=\"https:\/\/edinburghtranslationservices.com\/contact-us\/\">we provided on our Contact page<\/a>.<\/div><\/div>[\/vc_column][\/vc_row][vc_row content_placement=\u00a0\u00bbmiddle\u00a0\u00bb bg_type=\u00a0\u00bbbg_color\u00a0\u00bb bg_color_value=\u00a0\u00bb#00cbad\u00a0\u00bb][vc_column width=\u00a0\u00bb2\/3&Prime; css=\u00a0\u00bb.vc_custom_1646519412353{padding-right: 50px !important;padding-left: 90px !important;}\u00a0\u00bb]<div id=\"ultimate-heading-232869e39117b1eed\" class=\"uvc-heading ult-adjust-bottom-margin ultimate-heading-232869e39117b1eed uvc-7765 \" data-hspacer=\"no_spacer\"  data-halign=\"left\" style=\"text-align:left\"><div class=\"uvc-heading-spacer no_spacer\" style=\"top\"><\/div><div class=\"uvc-main-heading ult-responsive\"  data-ultimate-target='.uvc-heading.ultimate-heading-232869e39117b1eed h2'  data-responsive-json-new='{\"font-size\":\"desktop:40px;\",\"line-height\":\"\"}' ><h2 style=\"font-family:&#039;Poppins&#039;;font-weight:300;color:#ffffff;margin-bottom:20px;\">Obtenir une offre<\/h2><\/div><div class=\"uvc-sub-heading ult-responsive\"  data-ultimate-target='.uvc-heading.ultimate-heading-232869e39117b1eed .uvc-sub-heading '  data-responsive-json-new='{\"font-size\":\"desktop:18px;\",\"line-height\":\"\"}'  style=\"font-family:&#039;Poppins&#039;;font-weight:500;color:#000000;margin-top:20px;\">Un moyen simple d&rsquo;obtenir rapidement la traduction de vos documents.<br \/>\nFaites votre demande en ligne en quelques clics \u00e0 partir de seulement 0,08 \u00a3 par mot.<\/div><\/div>[\/vc_column][vc_column width=\u00a0\u00bb1\/3&Prime; css=\u00a0\u00bb.vc_custom_1645697345076{padding-right: 90px !important;}\u00a0\u00bb][vc_btn title=\u00a0\u00bbDemander une offre\u00a0\u00bb style=\u00a0\u00bbclassic\u00a0\u00bb shape=\u00a0\u00bbsquare\u00a0\u00bb color=\u00a0\u00bbblack\u00a0\u00bb size=\u00a0\u00bblg\u00a0\u00bb align=\u00a0\u00bbright\u00a0\u00bb css_animation=\u00a0\u00bbnone\u00a0\u00bb link=\u00a0\u00bburl:https%3A%2F%2Fedinburghtranslationservices.com%2Fquote%2F|title:Citation|\u00a0\u00bb][\/vc_column][\/vc_row][vc_row full_width=\u00a0\u00bbstretch_row\u00a0\u00bb content_placement=\u00a0\u00bbmiddle\u00a0\u00bb bg_type=\u00a0\u00bbbg_color\u00a0\u00bb bg_override=\u00a0\u00bbfull\u00a0\u00bb css=\u00a0\u00bb.vc_custom_1645632045558{padding-top: 90px !important;padding-bottom: 90px !important;}\u00a0\u00bb bg_color_value=\u00a0\u00bb#ffffff\u00a0\u00bb][vc_column width=\u00a0\u00bb1\/3&Prime;]<div id=\"ultimate-heading-339069e39117b1f2f\" class=\"uvc-heading ult-adjust-bottom-margin ultimate-heading-339069e39117b1f2f uvc-8466 \" data-hspacer=\"no_spacer\"  data-halign=\"left\" style=\"text-align:left\"><div class=\"uvc-heading-spacer no_spacer\" style=\"top\"><\/div><div class=\"uvc-main-heading ult-responsive\"  data-ultimate-target='.uvc-heading.ultimate-heading-339069e39117b1f2f h2'  data-responsive-json-new='{\"font-size\":\"desktop:40px;\",\"line-height\":\"\"}' ><h2 style=\"font-family:&#039;Poppins&#039;;font-weight:700;color:#262626;margin-bottom:20px;\">Vous avez d'autres questions ? N'h\u00e9sitez pas \u00e0 nous contacter.<\/h2><\/div><div class=\"uvc-sub-heading ult-responsive\"  data-ultimate-target='.uvc-heading.ultimate-heading-339069e39117b1f2f .uvc-sub-heading '  data-responsive-json-new='{\"font-size\":\"desktop:18px;\",\"line-height\":\"\"}'  style=\"font-family:&#039;Poppins&#039;;font-weight:500;color:#262626;margin-top:20px;\">Notre \u00e9quipe est pr\u00eate \u00e0 trouver une solution \u00e0 vos besoins de traduction.<\/div><\/div>[vc_btn title=\u00a0\u00bbNous contacter\u00a0\u00bb style=\u00a0\u00bboutline\u00a0\u00bb shape=\u00a0\u00bbsquare\u00a0\u00bb color=\u00a0\u00bbblack\u00a0\u00bb size=\u00a0\u00bblg\u00a0\u00bb align=\u00a0\u00bbleft\u00a0\u00bb css_animation=\u00a0\u00bbnone\u00a0\u00bb link=\u00a0\u00bburl:https%3A%2F%2Fedinburghtranslationservices.com%2Fcontact-us%2F|title:Nous%20contacter|\u00a0\u00bb][\/vc_column][vc_column width=\u00a0\u00bb1\/3&Prime;][\/vc_column][vc_column width=\u00a0\u00bb1\/3&Prime;]<div class=\"aio-icon-component    style_2\"><div id=\"Info-box-wrap-6449\" class=\"aio-icon-box top-icon\" style=\"\"  ><div class=\"aio-icon-top\"><div class=\"ult-just-icon-wrapper  \"><div class=\"align-icon\" style=\"text-align:center;\">\n<div class=\"aio-icon-img \" style=\"font-size:125px;display:inline-block;\" >\n\t<img decoding=\"async\" class=\"img-icon\" alt=\"null\" src=\"https:\/\/edinburghtranslationservices.com\/wp-content\/uploads\/2022\/03\/Image36-200px.png\" title=\"\">\n<\/div><\/div><\/div><\/div><div class=\"aio-icon-header\" ><h3 class=\"aio-icon-title ult-responsive\"  data-ultimate-target='#Info-box-wrap-6449 .aio-icon-title'  data-responsive-json-new='{\"font-size\":\"desktop:40px;\",\"line-height\":\"\"}'  style=\"font-family:&#039;Poppins&#039;;font-weight:700;color:#262626;\">Bonjour, je suis Noemi. Comment puis-je vous aider ?<\/h3><\/div> <!-- header --><div class=\"aio-icon-description ult-responsive\"  data-ultimate-target='#Info-box-wrap-6449 .aio-icon-description'  data-responsive-json-new='{\"font-size\":\"desktop:16px;\",\"line-height\":\"\"}'  style=\"font-family:&#039;Open Sans&#039;;font-weight:600;color:#7c7c7c;\">Project Manager<\/div> <!-- description --><\/div> <!-- aio-icon-box --><\/div> <!-- aio-icon-component -->[\/vc_column][\/vc_row]<\/p>\n<\/div>","protected":false},"excerpt":{"rendered":"<p>[vc_row full_width=\u00a0\u00bbstretch_row\u00a0\u00bb equal_height=\u00a0\u00bbyes\u00a0\u00bb content_placement=\u00a0\u00bbtop\u00a0\u00bb bg_type=\u00a0\u00bbbg_color\u00a0\u00bb bg_override=\u00a0\u00bbfull\u00a0\u00bb css=\u00a0\u00bb.vc_custom_1646516593123{margin-top: 0px !important;margin-bottom: 0px !important;border-top-width: 0px !important;border-bottom-width: 0px !important;padding-top: 50px !important;padding-bottom: 130px !important;background-position: 0 0 !important;background-repeat: repeat !important;}\u00a0\u00bb bg_color_value=\u00a0\u00bb#ffffff\u00a0\u00bb][vc_column width=\u00a0\u00bb1\/4&Prime;][\/vc_column][vc_column<span class=\"excerpt-hellip\"> [\u2026]<\/span><\/p>\n","protected":false},"author":1,"featured_media":946,"parent":0,"menu_order":6,"comment_status":"closed","ping_status":"closed","template":"","meta":{"footnotes":""},"class_list":["post-993","page","type-page","status-publish","has-post-thumbnail","hentry"],"_links":{"self":[{"href":"https:\/\/edinburghtranslationservices.com\/fr\/wp-json\/wp\/v2\/pages\/993","targetHints":{"allow":["GET"]}}],"collection":[{"href":"https:\/\/edinburghtranslationservices.com\/fr\/wp-json\/wp\/v2\/pages"}],"about":[{"href":"https:\/\/edinburghtranslationservices.com\/fr\/wp-json\/wp\/v2\/types\/page"}],"author":[{"embeddable":true,"href":"https:\/\/edinburghtranslationservices.com\/fr\/wp-json\/wp\/v2\/users\/1"}],"replies":[{"embeddable":true,"href":"https:\/\/edinburghtranslationservices.com\/fr\/wp-json\/wp\/v2\/comments?post=993"}],"version-history":[{"count":5,"href":"https:\/\/edinburghtranslationservices.com\/fr\/wp-json\/wp\/v2\/pages\/993\/revisions"}],"predecessor-version":[{"id":1001,"href":"https:\/\/edinburghtranslationservices.com\/fr\/wp-json\/wp\/v2\/pages\/993\/revisions\/1001"}],"wp:featuredmedia":[{"embeddable":true,"href":"https:\/\/edinburghtranslationservices.com\/fr\/wp-json\/wp\/v2\/media\/946"}],"wp:attachment":[{"href":"https:\/\/edinburghtranslationservices.com\/fr\/wp-json\/wp\/v2\/media?parent=993"}],"curies":[{"name":"wp","href":"https:\/\/api.w.org\/{rel}","templated":true}]}}