{"id":1085,"date":"2022-11-09T14:56:47","date_gmt":"2022-11-09T14:56:47","guid":{"rendered":"https:\/\/edinburghtranslationservices.com\/traduzione-specialistica\/"},"modified":"2022-12-01T09:47:03","modified_gmt":"2022-12-01T09:47:03","slug":"traduzione-specialistica","status":"publish","type":"page","link":"https:\/\/edinburghtranslationservices.com\/it\/servizi\/traduzione-specialistica\/","title":{"rendered":"Traduzione Specialistica"},"content":{"rendered":"<div class=\"wpb-content-wrapper\"><p>[vc_row full_width=&#8221;stretch_row&#8221; full_height=&#8221;yes&#8221; equal_height=&#8221;yes&#8221; content_placement=&#8221;middle&#8221; bg_type=&#8221;image&#8221; parallax_style=&#8221;vcpb-default&#8221; bg_image_new=&#8221;id^575|url^https:\/\/edinburghtranslationservices.com\/wp-content\/uploads\/2022\/04\/home14.jpg|caption^null|alt^null|title^home14|description^null&#8221; bg_image_repeat=&#8221;no-repeat&#8221; bg_override=&#8221;full&#8221; css=&#8221;.vc_custom_1649428883072{margin-top: 0px !important;margin-bottom: 0px !important;border-top-width: 0px !important;border-bottom-width: 0px !important;padding-top: 100px !important;padding-bottom: 0px !important;background-position: 0 0 !important;background-repeat: repeat !important;}&#8221;][vc_column width=&#8221;1\/2&#8243;]<div id=\"ultimate-heading-984369e3912885e29\" class=\"uvc-heading ult-adjust-bottom-margin ultimate-heading-984369e3912885e29 uvc-5574 \" data-hspacer=\"no_spacer\"  data-halign=\"left\" style=\"text-align:left\"><div class=\"uvc-heading-spacer no_spacer\" style=\"top\"><\/div><div class=\"uvc-main-heading ult-responsive\"  data-ultimate-target='.uvc-heading.ultimate-heading-984369e3912885e29 h2'  data-responsive-json-new='{\"font-size\":\"desktop:60px;tablet:40px;tablet_portrait:40px;mobile_landscape:45px;mobile:45px;\",\"line-height\":\"\"}' ><h2 style=\"font-family:&#039;Poppins&#039;;font-weight:300;color:#000000;margin-bottom:-40px;\">Le nostre aree di<\/h2><\/div><\/div><div id=\"ultimate-heading-316469e3912885ebf\" class=\"uvc-heading ult-adjust-bottom-margin ultimate-heading-316469e3912885ebf uvc-6689 \" data-hspacer=\"no_spacer\"  data-halign=\"left\" style=\"text-align:left\"><div class=\"uvc-heading-spacer no_spacer\" style=\"top\"><\/div><div class=\"uvc-main-heading ult-responsive\"  data-ultimate-target='.uvc-heading.ultimate-heading-316469e3912885ebf h2'  data-responsive-json-new='{\"font-size\":\"desktop:60px;tablet:40px;tablet_portrait:40px;mobile_landscape:45px;mobile:45px;\",\"line-height\":\"\"}' ><h2 style=\"font-family:&#039;Poppins&#039;;font-weight:300;color:#00cbac;\">specializzazione<\/h2><\/div><div class=\"uvc-sub-heading ult-responsive\"  data-ultimate-target='.uvc-heading.ultimate-heading-316469e3912885ebf .uvc-sub-heading '  data-responsive-json-new='{\"font-size\":\"desktop:18px;\",\"line-height\":\"\"}'  style=\"font-family:&#039;Poppins&#039;;font-weight:500;color:#262626;\">includono affari europei, traduzioni tecniche e scentifiche, finanziarie, legali e mediche.<\/div><\/div>[\/vc_column][vc_column width=&#8221;1\/2&#8243;][\/vc_column][\/vc_row][vc_row full_width=&#8221;stretch_row&#8221; content_placement=&#8221;top&#8221; bg_type=&#8221;bg_color&#8221; bg_override=&#8221;full&#8221; css=&#8221;.vc_custom_1667601000704{padding-top: 10px !important;padding-bottom: 90px !important;}&#8221; bg_color_value=&#8221;#ffffff&#8221;][vc_column width=&#8221;1\/2&#8243; css=&#8221;.vc_custom_1645631216211{padding-right: 50px !important;}&#8221;]<div id=\"ultimate-heading-924669e3912885f35\" class=\"uvc-heading ult-adjust-bottom-margin ultimate-heading-924669e3912885f35 uvc-657 \" data-hspacer=\"no_spacer\"  data-halign=\"left\" style=\"text-align:left\"><div class=\"uvc-heading-spacer no_spacer\" style=\"top\"><\/div><div class=\"uvc-sub-heading ult-responsive\"  data-ultimate-target='.uvc-heading.ultimate-heading-924669e3912885f35 .uvc-sub-heading '  data-responsive-json-new='{\"font-size\":\"desktop:18px;\",\"line-height\":\"\"}'  style=\"font-family:&#039;Poppins&#039;;font-weight:500;color:#262626;margin-top:20px;\">Traduciamo sia per privati che per aziende una variet\u00e0 di documenti che sono sempre indistintamente trattati con la massima riservatezza.<\/p>\n<p>L&#8217;utilizzo degli strumenti informatici pi\u00f9 avanzati, di glossari specifici, e degli standard di riferimento hanno reso la Edinburgh Translation Services sinonimo di qualit\u00e0.<\/p>\n<p>Le nostre traduzioni sono state in numerose occasioni valutate come &#8220;Very Good&#8221; (valutazione massima) dagli organi dell&#8217;Unione Europea<\/p>\n<p>e se a questo aggiungiamo la rapidit\u00e0 di consegna, \u00e8 facile capire perch\u00e9 anche importanti agenzie di traduzione ci hanno scelti come partner fidati.<\/div><\/div>[vc_single_image image=&#8221;490&#8243; img_size=&#8221;full&#8221; style=&#8221;vc_box_rounded&#8221;][\/vc_column][vc_column width=&#8221;1\/2&#8243;][vc_single_image image=&#8221;1025&#8243; img_size=&#8221;full&#8221; alignment=&#8221;center&#8221;][\/vc_column][\/vc_row][vc_row content_placement=&#8221;middle&#8221; bg_type=&#8221;bg_color&#8221; bg_color_value=&#8221;#00cbad&#8221;][vc_column width=&#8221;2\/3&#8243; css=&#8221;.vc_custom_1646519265312{padding-right: 50px !important;padding-left: 90px !important;}&#8221;]<div id=\"ultimate-heading-999869e3912885f8e\" class=\"uvc-heading ult-adjust-bottom-margin ultimate-heading-999869e3912885f8e uvc-6939 \" data-hspacer=\"no_spacer\"  data-halign=\"left\" style=\"text-align:left\"><div class=\"uvc-heading-spacer no_spacer\" style=\"top\"><\/div><div class=\"uvc-main-heading ult-responsive\"  data-ultimate-target='.uvc-heading.ultimate-heading-999869e3912885f8e h2'  data-responsive-json-new='{\"font-size\":\"desktop:40px;\",\"line-height\":\"\"}' ><h2 style=\"font-family:&#039;Poppins&#039;;font-weight:300;color:#ffffff;margin-bottom:20px;\">Richiedi un preventivo<\/h2><\/div><div class=\"uvc-sub-heading ult-responsive\"  data-ultimate-target='.uvc-heading.ultimate-heading-999869e3912885f8e .uvc-sub-heading '  data-responsive-json-new='{\"font-size\":\"desktop:18px;\",\"line-height\":\"\"}'  style=\"font-family:&#039;Poppins&#039;;font-weight:500;color:#000000;margin-top:20px;\">Un modo semplice per ottenere i tuoi documenti tradotti velocemente.<br \/>\nFai domanda online in pochi click a partire da soli \u00a30.08 a parola<\/div><\/div>[\/vc_column][vc_column width=&#8221;1\/3&#8243; css=&#8221;.vc_custom_1645697345076{padding-right: 90px !important;}&#8221;][vc_btn title=&#8221;Richiedi un preventivo&#8221; style=&#8221;classic&#8221; shape=&#8221;square&#8221; color=&#8221;black&#8221; size=&#8221;lg&#8221; align=&#8221;right&#8221; css_animation=&#8221;none&#8221; link=&#8221;url:https%3A%2F%2Fedinburghtranslationservices.com%2Fquote%2F|title:Preventivo|&#8221;][\/vc_column][\/vc_row][vc_row full_width=&#8221;stretch_row&#8221; content_placement=&#8221;middle&#8221; bg_type=&#8221;bg_color&#8221; bg_override=&#8221;full&#8221; css=&#8221;.vc_custom_1645632045558{padding-top: 90px !important;padding-bottom: 90px !important;}&#8221; bg_color_value=&#8221;#ffffff&#8221;][vc_column width=&#8221;1\/3&#8243;]<div id=\"ultimate-heading-7469e3912885fef\" class=\"uvc-heading ult-adjust-bottom-margin ultimate-heading-7469e3912885fef uvc-9217 \" data-hspacer=\"no_spacer\"  data-halign=\"left\" style=\"text-align:left\"><div class=\"uvc-heading-spacer no_spacer\" style=\"top\"><\/div><div class=\"uvc-main-heading ult-responsive\"  data-ultimate-target='.uvc-heading.ultimate-heading-7469e3912885fef h2'  data-responsive-json-new='{\"font-size\":\"desktop:40px;\",\"line-height\":\"\"}' ><h2 style=\"font-family:&#039;Poppins&#039;;font-weight:700;color:#262626;margin-bottom:20px;\">Hai altre domande?<\/h2><\/div><\/div><div id=\"ultimate-heading-931169e3912886045\" class=\"uvc-heading ult-adjust-bottom-margin ultimate-heading-931169e3912886045 uvc-9833 \" data-hspacer=\"no_spacer\"  data-halign=\"left\" style=\"text-align:left\"><div class=\"uvc-heading-spacer no_spacer\" style=\"top\"><\/div><div class=\"uvc-main-heading ult-responsive\"  data-ultimate-target='.uvc-heading.ultimate-heading-931169e3912886045 h2'  data-responsive-json-new='{\"font-size\":\"desktop:24px;\",\"line-height\":\"\"}' ><h2 style=\"font-family:&#039;Poppins&#039;;font-weight:700;color:#ff6a00;margin-bottom:20px;\">Mettiti in contatto con noi.<\/h2><\/div><div class=\"uvc-sub-heading ult-responsive\"  data-ultimate-target='.uvc-heading.ultimate-heading-931169e3912886045 .uvc-sub-heading '  data-responsive-json-new='{\"font-size\":\"desktop:18px;\",\"line-height\":\"\"}'  style=\"font-family:&#039;Poppins&#039;;font-weight:500;color:#262626;margin-top:20px;\">Il nostro team \u00e8 pronto a trovare una soluzione alle tue esigenze di traduzione.<\/div><\/div>[vc_btn title=&#8221;Contatti&#8221; style=&#8221;outline&#8221; shape=&#8221;square&#8221; color=&#8221;black&#8221; size=&#8221;lg&#8221; align=&#8221;left&#8221; css_animation=&#8221;none&#8221; link=&#8221;url:https%3A%2F%2Fedinburghtranslationservices.com%2Fcontact-us%2F|title:Contatti|&#8221;][\/vc_column][vc_column width=&#8221;1\/3&#8243;][\/vc_column][vc_column width=&#8221;1\/3&#8243;]<div class=\"aio-icon-component    style_2\"><div id=\"Info-box-wrap-6678\" class=\"aio-icon-box top-icon\" style=\"\"  ><div class=\"aio-icon-top\"><div class=\"ult-just-icon-wrapper  \"><div class=\"align-icon\" style=\"text-align:center;\">\n<div class=\"aio-icon-img \" style=\"font-size:125px;display:inline-block;\" >\n\t<img decoding=\"async\" class=\"img-icon\" alt=\"null\" src=\"https:\/\/edinburghtranslationservices.com\/wp-content\/uploads\/2022\/03\/Image36-200px.png\" title=\"\">\n<\/div><\/div><\/div><\/div><div class=\"aio-icon-header\" ><h3 class=\"aio-icon-title ult-responsive\"  data-ultimate-target='#Info-box-wrap-6678 .aio-icon-title'  data-responsive-json-new='{\"font-size\":\"desktop:40px;\",\"line-height\":\"\"}'  style=\"font-family:&#039;Poppins&#039;;font-weight:700;color:#262626;\">Ciao, sono Noemi. Come posso aiutarti?<\/h3><\/div> <!-- header --><div class=\"aio-icon-description ult-responsive\"  data-ultimate-target='#Info-box-wrap-6678 .aio-icon-description'  data-responsive-json-new='{\"font-size\":\"desktop:16px;\",\"line-height\":\"\"}'  style=\"font-family:&#039;Open Sans&#039;;font-weight:600;color:#7c7c7c;\">Project Manager<\/div> <!-- description --><\/div> <!-- aio-icon-box --><\/div> <!-- aio-icon-component -->[\/vc_column][\/vc_row]<\/p>\n<\/div>","protected":false},"excerpt":{"rendered":"<p>[vc_row full_width=&#8221;stretch_row&#8221; full_height=&#8221;yes&#8221; equal_height=&#8221;yes&#8221; content_placement=&#8221;middle&#8221; bg_type=&#8221;image&#8221; parallax_style=&#8221;vcpb-default&#8221; bg_image_new=&#8221;id^575|url^https:\/\/edinburghtranslationservices.com\/wp-content\/uploads\/2022\/04\/home14.jpg|caption^null|alt^null|title^home14|description^null&#8221; bg_image_repeat=&#8221;no-repeat&#8221; bg_override=&#8221;full&#8221; css=&#8221;.vc_custom_1649428883072{margin-top: 0px !important;margin-bottom: 0px !important;border-top-width: 0px !important;border-bottom-width: 0px !important;padding-top: 100px !important;padding-bottom: 0px !important;background-position: 0 0 !important;background-repeat:<span class=\"excerpt-hellip\"> [\u2026]<\/span><\/p>\n","protected":false},"author":1,"featured_media":948,"parent":1094,"menu_order":2,"comment_status":"closed","ping_status":"closed","template":"","meta":{"footnotes":""},"class_list":["post-1085","page","type-page","status-publish","has-post-thumbnail","hentry"],"_links":{"self":[{"href":"https:\/\/edinburghtranslationservices.com\/it\/wp-json\/wp\/v2\/pages\/1085","targetHints":{"allow":["GET"]}}],"collection":[{"href":"https:\/\/edinburghtranslationservices.com\/it\/wp-json\/wp\/v2\/pages"}],"about":[{"href":"https:\/\/edinburghtranslationservices.com\/it\/wp-json\/wp\/v2\/types\/page"}],"author":[{"embeddable":true,"href":"https:\/\/edinburghtranslationservices.com\/it\/wp-json\/wp\/v2\/users\/1"}],"replies":[{"embeddable":true,"href":"https:\/\/edinburghtranslationservices.com\/it\/wp-json\/wp\/v2\/comments?post=1085"}],"version-history":[{"count":4,"href":"https:\/\/edinburghtranslationservices.com\/it\/wp-json\/wp\/v2\/pages\/1085\/revisions"}],"predecessor-version":[{"id":1199,"href":"https:\/\/edinburghtranslationservices.com\/it\/wp-json\/wp\/v2\/pages\/1085\/revisions\/1199"}],"up":[{"embeddable":true,"href":"https:\/\/edinburghtranslationservices.com\/it\/wp-json\/wp\/v2\/pages\/1094"}],"wp:featuredmedia":[{"embeddable":true,"href":"https:\/\/edinburghtranslationservices.com\/it\/wp-json\/wp\/v2\/media\/948"}],"wp:attachment":[{"href":"https:\/\/edinburghtranslationservices.com\/it\/wp-json\/wp\/v2\/media?parent=1085"}],"curies":[{"name":"wp","href":"https:\/\/api.w.org\/{rel}","templated":true}]}}