{"id":972,"date":"2022-02-23T13:18:52","date_gmt":"2022-02-23T13:18:52","guid":{"rendered":"https:\/\/edinburghtranslationservices.com\/home\/"},"modified":"2023-02-01T13:42:19","modified_gmt":"2023-02-01T13:42:19","slug":"home","status":"publish","type":"page","link":"https:\/\/edinburghtranslationservices.com\/it\/","title":{"rendered":"Home"},"content":{"rendered":"<div class=\"wpb-content-wrapper\"><p>[vc_row full_width=&#8221;stretch_row&#8221; full_height=&#8221;yes&#8221; equal_height=&#8221;yes&#8221; content_placement=&#8221;bottom&#8221; bg_type=&#8221;image&#8221; parallax_style=&#8221;vcpb-default&#8221; bg_image_new=&#8221;id^787|url^https:\/\/edinburghtranslationservices.com\/wp-content\/uploads\/2022\/04\/home01.jpg|caption^null|alt^null|title^home01|description^null&#8221; bg_image_repeat=&#8221;no-repeat&#8221; bg_override=&#8221;full&#8221; css=&#8221;.vc_custom_1675258935585{margin-top: 0px !important;margin-bottom: 0px !important;border-top-width: 0px !important;border-bottom-width: 0px !important;padding-top: 100px !important;padding-bottom: 0px !important;background-position: 0 0 !important;background-repeat: repeat !important;}&#8221;][vc_column width=&#8221;1\/2&#8243; offset=&#8221;vc_col-xs-12&#8243;]<div id=\"ultimate-heading-592569e3786853b51\" class=\"uvc-heading ult-adjust-bottom-margin ultimate-heading-592569e3786853b51 uvc-9538 \" data-hspacer=\"no_spacer\"  data-halign=\"left\" style=\"text-align:left\"><div class=\"uvc-heading-spacer no_spacer\" style=\"top\"><\/div><div class=\"uvc-main-heading ult-responsive\"  data-ultimate-target='.uvc-heading.ultimate-heading-592569e3786853b51 h2'  data-responsive-json-new='{\"font-size\":\"desktop:60px;tablet:50px;tablet_portrait:50px;mobile_landscape:45px;mobile:45px;\",\"line-height\":\"\"}' ><h2 style=\"font-family:&#039;Poppins&#039;;font-weight:300;color:#00cbac;margin-bottom:-40px;\">Servizi di traduzione<\/h2><\/div><\/div><div id=\"ultimate-heading-56069e3786853bb2\" class=\"uvc-heading ult-adjust-bottom-margin ultimate-heading-56069e3786853bb2 uvc-5688 \" data-hspacer=\"no_spacer\"  data-halign=\"left\" style=\"text-align:left\"><div class=\"uvc-heading-spacer no_spacer\" style=\"top\"><\/div><div class=\"uvc-main-heading ult-responsive\"  data-ultimate-target='.uvc-heading.ultimate-heading-56069e3786853bb2 h2'  data-responsive-json-new='{\"font-size\":\"desktop:60px;tablet:50px;tablet_portrait:50px;mobile_landscape:45px;mobile:45px;\",\"line-height\":\"\"}' ><h2 style=\"font-family:&#039;Poppins&#039;;font-weight:300;color:#262626;\">su misura<\/h2><\/div><div class=\"uvc-sub-heading ult-responsive\"  data-ultimate-target='.uvc-heading.ultimate-heading-56069e3786853bb2 .uvc-sub-heading '  data-responsive-json-new='{\"font-size\":\"desktop:18px;\",\"line-height\":\"\"}'  style=\"font-family:&#039;Poppins&#039;;font-weight:500;color:#262626;\">Realizzati da professionisti esperti con il supporto delle ultime tecnologie e puntualmente consegnati.<\/div><\/div>[vc_row_inner content_placement=&#8221;middle&#8221;][vc_column_inner width=&#8221;1\/2&#8243;][vc_btn title=&#8221;Richiedi un preventivo&#8221; style=&#8221;flat&#8221; shape=&#8221;square&#8221; color=&#8221;primary&#8221; size=&#8221;lg&#8221; align=&#8221;left&#8221; css_animation=&#8221;none&#8221; button_block=&#8221;true&#8221; link=&#8221;url:https%3A%2F%2Fedinburghtranslationservices.com%2Fit%2Fpreventivo%2F|title:Preventivo|&#8221;][\/vc_column_inner][vc_column_inner width=&#8221;1\/2&#8243;][vc_btn title=&#8221;Chi siamo&#8221; style=&#8221;outline&#8221; shape=&#8221;square&#8221; color=&#8221;black&#8221; size=&#8221;lg&#8221; align=&#8221;left&#8221; css_animation=&#8221;none&#8221; button_block=&#8221;true&#8221; link=&#8221;url:https%3A%2F%2Fedinburghtranslationservices.com%2Fabout-us%2F|title:Chi%20siamo|&#8221;][\/vc_column_inner][\/vc_row_inner][\/vc_column][vc_column width=&#8221;1\/2&#8243;][\/vc_column][\/vc_row][vc_row full_width=&#8221;stretch_row&#8221; content_placement=&#8221;middle&#8221; bg_type=&#8221;bg_color&#8221; bg_override=&#8221;full&#8221; css=&#8221;.vc_custom_1646402107058{padding-top: 90px !important;padding-bottom: 90px !important;}&#8221; bg_color_value=&#8221;#ffffff&#8221;][vc_column width=&#8221;1\/2&#8243; css=&#8221;.vc_custom_1645631216211{padding-right: 50px !important;}&#8221;][vc_single_image image=&#8221;548&#8243; img_size=&#8221;full&#8221; alignment=&#8221;center&#8221;][\/vc_column][vc_column width=&#8221;1\/2&#8243;]<div id=\"ultimate-heading-922969e3786853bf5\" class=\"uvc-heading ult-adjust-bottom-margin ultimate-heading-922969e3786853bf5 uvc-7923 \" data-hspacer=\"no_spacer\"  data-halign=\"left\" style=\"text-align:left\"><div class=\"uvc-heading-spacer no_spacer\" style=\"top\"><\/div><div class=\"uvc-main-heading ult-responsive\"  data-ultimate-target='.uvc-heading.ultimate-heading-922969e3786853bf5 h2'  data-responsive-json-new='{\"font-size\":\"desktop:40px;\",\"line-height\":\"\"}' ><h2 style=\"font-family:&#039;Poppins&#039;;font-weight:300;color:#262626;margin-bottom:20px;\">Come possiamo aiutarti?<\/h2><\/div><div class=\"uvc-sub-heading ult-responsive\"  data-ultimate-target='.uvc-heading.ultimate-heading-922969e3786853bf5 .uvc-sub-heading '  data-responsive-json-new='{\"font-size\":\"desktop:18px;\",\"line-height\":\"\"}'  style=\"font-family:&#039;Poppins&#039;;font-weight:500;color:#262626;margin-top:20px;\">Traduzioni certificate di documenti personali, accettate dalle autorit\u00e0 pubbliche nel Regno Unito e all&#8217;estero (certificati universitari e scolastici, documenti di identit\u00e0, certificati di nascita e di matrimonio, cartelle cliniche, casellari giudiziari, ecc.)<\/p>\n<p>Per mantenere la nostra promessa di qualit\u00e0, scegliamo solo professionisti con qualifiche accademiche nel campo della traduzione e\/o dell&#8217;interpretariato e con una comprovata esperienza nelle lingue di origine e nella traduzione verso la loro lingua madre.<\/p>\n<p>La nostra azienda \u00e8 anche impegnata in un continuo sviluppo professionale e utilizza le pi\u00f9 efficienti tecnologie di supporto alla traduzione.<\/div><\/div>[\/vc_column][\/vc_row][vc_row full_width=&#8221;stretch_row_content&#8221; equal_height=&#8221;yes&#8221; content_placement=&#8221;middle&#8221; bg_type=&#8221;image&#8221; parallax_style=&#8221;vcpb-default&#8221; bg_image_new=&#8221;id^930|url^https:\/\/edinburghtranslationservices.com\/wp-content\/uploads\/2022\/11\/ets5-sectionbg8.jpg|caption^null|alt^null|title^ets5-sectionbg8|description^null&#8221; bg_image_repeat=&#8221;no-repeat&#8221; bg_override=&#8221;full&#8221; enable_overlay=&#8221;enable_overlay_value&#8221; overlay_color=&#8221;rgba(255,255,255,0.25)&#8221; css=&#8221;.vc_custom_1667593875470{background-position: 0 0 !important;background-repeat: no-repeat !important;}&#8221;][vc_column width=&#8221;1\/6&#8243;][\/vc_column][vc_column width=&#8221;2\/3&#8243; css=&#8221;.vc_custom_1667593638689{padding-top: 140px !important;padding-bottom: 140px !important;}&#8221;][vc_row_inner content_placement=&#8221;middle&#8221; css=&#8221;.vc_custom_1667593661910{background-color: rgba(255,255,255,0.5) !important;*background-color: rgb(255,255,255) !important;border-radius: 5px !important;}&#8221;][vc_column_inner]<div id=\"ultimate-heading-463769e3786853c31\" class=\"uvc-heading ult-adjust-bottom-margin ultimate-heading-463769e3786853c31 uvc-1742 \" data-hspacer=\"no_spacer\"  data-halign=\"center\" style=\"text-align:center\"><div class=\"uvc-heading-spacer no_spacer\" style=\"top\"><\/div><div class=\"uvc-main-heading ult-responsive\"  data-ultimate-target='.uvc-heading.ultimate-heading-463769e3786853c31 h2'  data-responsive-json-new='{\"font-size\":\"desktop:50px;\",\"line-height\":\"\"}' ><h2 style=\"font-family:&#039;Poppins&#039;;font-weight:300;color:#00cbac;margin-bottom:20px;\">Abbiamo il know-how di cui avete bisogno.<\/h2><\/div><div class=\"uvc-sub-heading ult-responsive\"  data-ultimate-target='.uvc-heading.ultimate-heading-463769e3786853c31 .uvc-sub-heading '  data-responsive-json-new='{\"font-size\":\"desktop:30px;\",\"line-height\":\"\"}'  style=\"font-family:&#039;Poppins&#039;;font-weight:500;color:#000000;margin-top:20px;\">La lunga esperienza professionale dei nostri traduttori e interpreti garantisce il raggiungimento dei pi\u00f9 alti standard di qualit\u00e0.<\/div><\/div>[\/vc_column_inner][\/vc_row_inner][\/vc_column][vc_column width=&#8221;1\/6&#8243;][\/vc_column][\/vc_row][vc_row full_width=&#8221;stretch_row&#8221; content_placement=&#8221;top&#8221; bg_type=&#8221;bg_color&#8221; bg_override=&#8221;full&#8221; css=&#8221;.vc_custom_1646495594137{padding-top: 90px !important;padding-bottom: 80px !important;}&#8221; bg_color_value=&#8221;#ffffff&#8221;][vc_column width=&#8221;1\/2&#8243; css=&#8221;.vc_custom_1645631216211{padding-right: 50px !important;}&#8221;]<div id=\"ultimate-heading-109369e3786853c68\" class=\"uvc-heading ult-adjust-bottom-margin ultimate-heading-109369e3786853c68 uvc-5102 \" data-hspacer=\"no_spacer\"  data-halign=\"left\" style=\"text-align:left\"><div class=\"uvc-heading-spacer no_spacer\" style=\"top\"><\/div><div class=\"uvc-main-heading ult-responsive\"  data-ultimate-target='.uvc-heading.ultimate-heading-109369e3786853c68 h2'  data-responsive-json-new='{\"font-size\":\"desktop:75px;tablet:50px;tablet_portrait:50px;mobile_landscape:45px;mobile:45px;\",\"line-height\":\"\"}' ><h2 style=\"font-family:&#039;Poppins&#039;;font-weight:200;color:#00cbad;margin-bottom:20px;\">I nostri servizi professionali<\/h2><\/div><\/div>[\/vc_column][vc_column width=&#8221;1\/2&#8243;][vc_row_inner][vc_column_inner width=&#8221;1\/2&#8243;]<div class=\"aio-icon-component    style_1\"><a class=\"aio-icon-box-link\" href=\"https:\/\/edinburghtranslationservices.com\/services\/\" title=\"Services\" ><div id=\"Info-box-wrap-9637\" class=\"aio-icon-box default-icon\" style=\"\"  ><div class=\"aio-icon-header\" ><h3 class=\"aio-icon-title ult-responsive\"  data-ultimate-target='#Info-box-wrap-9637 .aio-icon-title'  data-responsive-json-new='{\"font-size\":\"desktop:20px;\",\"line-height\":\"\"}'  style=\"font-family:&#039;Poppins&#039;;font-weight:700;color:#1e73be;\">Traduzioni ufficiali<\/h3><\/div> <!-- header --><div class=\"aio-icon-description ult-responsive\"  data-ultimate-target='#Info-box-wrap-9637 .aio-icon-description'  data-responsive-json-new='{\"font-size\":\"desktop:18px;\",\"line-height\":\"\"}'  style=\"font-family:&#039;Poppins&#039;;font-weight:500;color:#262626;\">Le nostre traduzioni possono essere certificate o giurate in tribunale, a seconda del paese in cui \u00e8 necessario presentare il documento.<\/div> <!-- description --><\/div> <!-- aio-icon-box --><\/a><\/div> <!-- aio-icon-component --><div class=\"aio-icon-component    style_1\"><a class=\"aio-icon-box-link\" href=\"https:\/\/edinburghtranslationservices.com\/services\/\" title=\"Services\" ><div id=\"Info-box-wrap-2164\" class=\"aio-icon-box default-icon\" style=\"\"  ><div class=\"aio-icon-header\" ><h3 class=\"aio-icon-title ult-responsive\"  data-ultimate-target='#Info-box-wrap-2164 .aio-icon-title'  data-responsive-json-new='{\"font-size\":\"desktop:20px;\",\"line-height\":\"\"}'  style=\"font-family:&#039;Poppins&#039;;font-weight:700;color:#1e73be;\">Localizzazione<\/h3><\/div> <!-- header --><div class=\"aio-icon-description ult-responsive\"  data-ultimate-target='#Info-box-wrap-2164 .aio-icon-description'  data-responsive-json-new='{\"font-size\":\"desktop:18px;\",\"line-height\":\"\"}'  style=\"font-family:&#039;Poppins&#039;;font-weight:500;color:#262626;\">Servizi personalizzati in grando di rendere il vostro sito web accessibile ai visitatori appartenenti ad un&#8217;altra lingua, da siti WordPress multilingue ad architetture complesse.<\/div> <!-- description --><\/div> <!-- aio-icon-box --><\/a><\/div> <!-- aio-icon-component --><div class=\"aio-icon-component    style_1\"><a class=\"aio-icon-box-link\" href=\"https:\/\/edinburghtranslationservices.com\/services\/\" title=\"Services\" ><div id=\"Info-box-wrap-8323\" class=\"aio-icon-box default-icon\" style=\"\"  ><div class=\"aio-icon-header\" ><h3 class=\"aio-icon-title ult-responsive\"  data-ultimate-target='#Info-box-wrap-8323 .aio-icon-title'  data-responsive-json-new='{\"font-size\":\"desktop:20px;\",\"line-height\":\"\"}'  style=\"font-family:&#039;Poppins&#039;;font-weight:700;color:#1e73be;\">Traduzione di documenti<\/h3><\/div> <!-- header --><div class=\"aio-icon-description ult-responsive\"  data-ultimate-target='#Info-box-wrap-8323 .aio-icon-description'  data-responsive-json-new='{\"font-size\":\"desktop:18px;\",\"line-height\":\"\"}'  style=\"font-family:&#039;Poppins&#039;;font-weight:500;color:#262626;\">Utilizza il nostro modulo online o inviaci una email per ricevere un preventivo veloce per la traduzione dei vostri documenti in 4 lingue, dal 2014.<\/div> <!-- description --><\/div> <!-- aio-icon-box --><\/a><\/div> <!-- aio-icon-component -->[\/vc_column_inner][vc_column_inner width=&#8221;1\/2&#8243;]<div class=\"aio-icon-component    style_1\"><a class=\"aio-icon-box-link\" href=\"https:\/\/edinburghtranslationservices.com\/services\/\" title=\"Services\" ><div id=\"Info-box-wrap-4347\" class=\"aio-icon-box default-icon\" style=\"\"  ><div class=\"aio-icon-header\" ><h3 class=\"aio-icon-title ult-responsive\"  data-ultimate-target='#Info-box-wrap-4347 .aio-icon-title'  data-responsive-json-new='{\"font-size\":\"desktop:20px;\",\"line-height\":\"\"}'  style=\"font-family:&#039;Poppins&#039;;font-weight:700;color:#1e73be;\">Traduzioni urgenti<\/h3><\/div> <!-- header --><div class=\"aio-icon-description ult-responsive\"  data-ultimate-target='#Info-box-wrap-4347 .aio-icon-description'  data-responsive-json-new='{\"font-size\":\"desktop:18px;\",\"line-height\":\"\"}'  style=\"font-family:&#039;Poppins&#039;;font-weight:500;color:#262626;\">Possiamo tradurre grandi volumi in pochi giorni e piccoli volumi in ore grazie ai nostri traduttori interni e freelance e al supporto delle ultime tecnologie nel campo della traduzione.<\/div> <!-- description --><\/div> <!-- aio-icon-box --><\/a><\/div> <!-- aio-icon-component --><div class=\"aio-icon-component    style_1\"><a class=\"aio-icon-box-link\" href=\"https:\/\/edinburghtranslationservices.com\/services\/\" title=\"Services\" ><div id=\"Info-box-wrap-4491\" class=\"aio-icon-box default-icon\" style=\"\"  ><div class=\"aio-icon-header\" ><h3 class=\"aio-icon-title ult-responsive\"  data-ultimate-target='#Info-box-wrap-4491 .aio-icon-title'  data-responsive-json-new='{\"font-size\":\"desktop:20px;\",\"line-height\":\"\"}'  style=\"font-family:&#039;Poppins&#039;;font-weight:700;color:#1e73be;\">Sottotitoli<\/h3><\/div> <!-- header --><div class=\"aio-icon-description ult-responsive\"  data-ultimate-target='#Info-box-wrap-4491 .aio-icon-description'  data-responsive-json-new='{\"font-size\":\"desktop:18px;\",\"line-height\":\"\"}'  style=\"font-family:&#039;Poppins&#039;;font-weight:500;color:#262626;\">Rendiamo i tuoi video pi\u00f9 accessibili e alla portata di un pubblico pi\u00f9 ampio incorporando sottotitoli in pi\u00f9 lingue.<\/div> <!-- description --><\/div> <!-- aio-icon-box --><\/a><\/div> <!-- aio-icon-component -->[\/vc_column_inner][\/vc_row_inner][\/vc_column][\/vc_row][vc_row content_placement=&#8221;middle&#8221; bg_type=&#8221;bg_color&#8221; bg_color_value=&#8221;#00cbad&#8221;][vc_column width=&#8221;2\/3&#8243; css=&#8221;.vc_custom_1646519048584{padding-right: 50px !important;padding-left: 90px !important;}&#8221;]<div id=\"ultimate-heading-982669e3786853f79\" class=\"uvc-heading ult-adjust-bottom-margin ultimate-heading-982669e3786853f79 uvc-2753 \" data-hspacer=\"no_spacer\"  data-halign=\"left\" style=\"text-align:left\"><div class=\"uvc-heading-spacer no_spacer\" style=\"top\"><\/div><div class=\"uvc-main-heading ult-responsive\"  data-ultimate-target='.uvc-heading.ultimate-heading-982669e3786853f79 h2'  data-responsive-json-new='{\"font-size\":\"desktop:40px;\",\"line-height\":\"\"}' ><h2 style=\"font-family:&#039;Poppins&#039;;font-weight:300;color:#ffffff;margin-bottom:20px;\">Richiedi un preventivo<\/h2><\/div><div class=\"uvc-sub-heading ult-responsive\"  data-ultimate-target='.uvc-heading.ultimate-heading-982669e3786853f79 .uvc-sub-heading '  data-responsive-json-new='{\"font-size\":\"desktop:18px;\",\"line-height\":\"\"}'  style=\"font-family:&#039;Poppins&#039;;font-weight:500;color:#000000;margin-top:20px;\">Un modo semplice per ottenere i tuoi documenti tradotti velocemente.<br \/>\nFai domanda online in pochi click a partire da soli \u00a30.08 a parola<\/div><\/div>[\/vc_column][vc_column width=&#8221;1\/3&#8243; css=&#8221;.vc_custom_1645697345076{padding-right: 90px !important;}&#8221;][vc_btn title=&#8221;Richiedi un preventivo&#8221; style=&#8221;classic&#8221; shape=&#8221;square&#8221; color=&#8221;black&#8221; size=&#8221;lg&#8221; align=&#8221;right&#8221; css_animation=&#8221;none&#8221; link=&#8221;url:https%3A%2F%2Fedinburghtranslationservices.com%2Fit%2Fpreventivo%2F|title:Preventivo|&#8221;][\/vc_column][\/vc_row][vc_row full_width=&#8221;stretch_row&#8221; content_placement=&#8221;middle&#8221; bg_type=&#8221;bg_color&#8221; bg_override=&#8221;full&#8221; css=&#8221;.vc_custom_1645632045558{padding-top: 90px !important;padding-bottom: 90px !important;}&#8221; bg_color_value=&#8221;#ffffff&#8221;][vc_column width=&#8221;1\/3&#8243;]<div id=\"ultimate-heading-992069e3786853fb7\" class=\"uvc-heading ult-adjust-bottom-margin ultimate-heading-992069e3786853fb7 uvc-5071 \" data-hspacer=\"no_spacer\"  data-halign=\"left\" style=\"text-align:left\"><div class=\"uvc-heading-spacer no_spacer\" style=\"top\"><\/div><div class=\"uvc-main-heading ult-responsive\"  data-ultimate-target='.uvc-heading.ultimate-heading-992069e3786853fb7 h2'  data-responsive-json-new='{\"font-size\":\"desktop:40px;\",\"line-height\":\"\"}' ><h2 style=\"font-family:&#039;Poppins&#039;;font-weight:700;color:#262626;margin-bottom:20px;\">Hai altre domande?<\/h2><\/div><\/div><div id=\"ultimate-heading-535669e3786853fe5\" class=\"uvc-heading ult-adjust-bottom-margin ultimate-heading-535669e3786853fe5 uvc-8135 \" data-hspacer=\"no_spacer\"  data-halign=\"left\" style=\"text-align:left\"><div class=\"uvc-heading-spacer no_spacer\" style=\"top\"><\/div><div class=\"uvc-main-heading ult-responsive\"  data-ultimate-target='.uvc-heading.ultimate-heading-535669e3786853fe5 h2'  data-responsive-json-new='{\"font-size\":\"desktop:24px;\",\"line-height\":\"\"}' ><h2 style=\"font-family:&#039;Poppins&#039;;font-weight:700;color:#ff6a00;margin-bottom:20px;\">Mettiti in contatto con noi.<\/h2><\/div><div class=\"uvc-sub-heading ult-responsive\"  data-ultimate-target='.uvc-heading.ultimate-heading-535669e3786853fe5 .uvc-sub-heading '  data-responsive-json-new='{\"font-size\":\"desktop:18px;\",\"line-height\":\"\"}'  style=\"font-family:&#039;Poppins&#039;;font-weight:500;color:#262626;margin-top:20px;\">Il nostro team \u00e8 pronto a trovare una soluzione alle tue esigenze di traduzione.<\/div><\/div>[vc_btn title=&#8221;Contatti&#8221; style=&#8221;outline&#8221; shape=&#8221;square&#8221; color=&#8221;black&#8221; size=&#8221;lg&#8221; align=&#8221;left&#8221; css_animation=&#8221;none&#8221; link=&#8221;url:https%3A%2F%2Fedinburghtranslationservices.com%2Fcontact-us%2F|title:Contatti|&#8221;][\/vc_column][vc_column width=&#8221;1\/3&#8243;][\/vc_column][vc_column width=&#8221;1\/3&#8243;]<div class=\"aio-icon-component    style_2\"><div id=\"Info-box-wrap-3978\" class=\"aio-icon-box top-icon\" style=\"\"  ><div class=\"aio-icon-top\"><div class=\"ult-just-icon-wrapper  \"><div class=\"align-icon\" style=\"text-align:center;\">\n<div class=\"aio-icon-img \" style=\"font-size:125px;display:inline-block;\" >\n\t<img decoding=\"async\" class=\"img-icon\" alt=\"null\" src=\"https:\/\/edinburghtranslationservices.com\/wp-content\/uploads\/2022\/04\/Francesca-200pc.png\" title=\"\">\n<\/div><\/div><\/div><\/div><div class=\"aio-icon-header\" ><h3 class=\"aio-icon-title ult-responsive\"  data-ultimate-target='#Info-box-wrap-3978 .aio-icon-title'  data-responsive-json-new='{\"font-size\":\"desktop:40px;\",\"line-height\":\"\"}'  style=\"font-family:&#039;Poppins&#039;;font-weight:700;color:#262626;\">Ciao, sono Francesca. Come posso aiutarti?<\/h3><\/div> <!-- header --><div class=\"aio-icon-description ult-responsive\"  data-ultimate-target='#Info-box-wrap-3978 .aio-icon-description'  data-responsive-json-new='{\"font-size\":\"desktop:16px;\",\"line-height\":\"\"}'  style=\"font-family:&#039;Open Sans&#039;;font-weight:600;color:#7c7c7c;\">Traduttore<\/div> <!-- description --><\/div> <!-- aio-icon-box --><\/div> <!-- aio-icon-component -->[\/vc_column][\/vc_row]<\/p>\n<\/div>","protected":false},"excerpt":{"rendered":"<p>[vc_row full_width=&#8221;stretch_row&#8221; full_height=&#8221;yes&#8221; equal_height=&#8221;yes&#8221; content_placement=&#8221;bottom&#8221; bg_type=&#8221;image&#8221; parallax_style=&#8221;vcpb-default&#8221; bg_image_new=&#8221;id^787|url^https:\/\/edinburghtranslationservices.com\/wp-content\/uploads\/2022\/04\/home01.jpg|caption^null|alt^null|title^home01|description^null&#8221; bg_image_repeat=&#8221;no-repeat&#8221; bg_override=&#8221;full&#8221; css=&#8221;.vc_custom_1675258935585{margin-top: 0px !important;margin-bottom: 0px !important;border-top-width: 0px !important;border-bottom-width: 0px !important;padding-top: 100px !important;padding-bottom: 0px !important;background-position: 0 0 !important;background-repeat:<span class=\"excerpt-hellip\"> [\u2026]<\/span><\/p>\n","protected":false},"author":1,"featured_media":948,"parent":0,"menu_order":0,"comment_status":"closed","ping_status":"closed","template":"","meta":{"footnotes":""},"class_list":["post-972","page","type-page","status-publish","has-post-thumbnail","hentry"],"_links":{"self":[{"href":"https:\/\/edinburghtranslationservices.com\/it\/wp-json\/wp\/v2\/pages\/972","targetHints":{"allow":["GET"]}}],"collection":[{"href":"https:\/\/edinburghtranslationservices.com\/it\/wp-json\/wp\/v2\/pages"}],"about":[{"href":"https:\/\/edinburghtranslationservices.com\/it\/wp-json\/wp\/v2\/types\/page"}],"author":[{"embeddable":true,"href":"https:\/\/edinburghtranslationservices.com\/it\/wp-json\/wp\/v2\/users\/1"}],"replies":[{"embeddable":true,"href":"https:\/\/edinburghtranslationservices.com\/it\/wp-json\/wp\/v2\/comments?post=972"}],"version-history":[{"count":15,"href":"https:\/\/edinburghtranslationservices.com\/it\/wp-json\/wp\/v2\/pages\/972\/revisions"}],"predecessor-version":[{"id":1238,"href":"https:\/\/edinburghtranslationservices.com\/it\/wp-json\/wp\/v2\/pages\/972\/revisions\/1238"}],"wp:featuredmedia":[{"embeddable":true,"href":"https:\/\/edinburghtranslationservices.com\/it\/wp-json\/wp\/v2\/media\/948"}],"wp:attachment":[{"href":"https:\/\/edinburghtranslationservices.com\/it\/wp-json\/wp\/v2\/media?parent=972"}],"curies":[{"name":"wp","href":"https:\/\/api.w.org\/{rel}","templated":true}]}}